{"id":1769,"date":"2018-05-28T15:24:20","date_gmt":"2018-05-28T13:24:20","guid":{"rendered":"http:\/\/preferenzeavanzate.net\/amicimusica\/?page_id=1769"},"modified":"2018-05-29T13:21:12","modified_gmt":"2018-05-29T11:21:12","slug":"privacy-policy","status":"publish","type":"page","link":"https:\/\/amicimusicafoligno.it\/home\/privacy-policy\/","title":{"rendered":"Privacy Policy"},"content":{"rendered":"<p><strong>INFORMATIVA RELATIVA AL TRATTAMENTO DEI DATI PERSONALI<\/strong><\/p>\n<p>&nbsp;<\/p>\n<ol>\n<li><strong> Premessa <\/strong><\/li>\n<\/ol>\n<p>Il Regolamento UE 2016\/679 sulla \u201c<em>protezione delle persone fisiche con riguardo al trattamento dei dati personali, nonch\u00e9 alla libera circolazione di tali dati<\/em>\u201d (di seguito \u201cReg. UE 2016\/679\u201d o \u201cGDPR\u201d) contiene una serie di norme dirette a garantire che il trattamento dei dati personali si svolga nel rispetto dei diritti e delle libert\u00e0 fondamentali delle persone.<\/p>\n<p>Ai sensi degli artt. 13 e 14 del GDPR l\u2019Associazione AMICI DELLA MUSICA FOLIGNO ONLUS (di seguito, \u201cAdM Foligno\u201d o \u201cAssociazione\u201d), con sede legale in Foligno (PG) Largo Federico Frezzi n. 4, \u00e8 Titolare del trattamento ed \u00e8 tenuta a fornire informazioni riguardanti il trattamento dei dati personali dei propri Soci.<\/p>\n<p>&nbsp;<\/p>\n<ol start=\"2\">\n<li><strong> Categorie di dati personali e fonte dei dati <\/strong><\/li>\n<\/ol>\n<p>Fra i Dati Personali che l\u2019Associazione tratta rientrano, a titolo esemplificativo i dati anagrafici (nome, cognome, codice fiscale), dati di contatto (e-mail), data e luogo di nascita, residenza, domicilio.<\/p>\n<p>I Dati Personali in possesso dell\u2019Associazione sono raccolti di norma direttamente presso il Socio, in esecuzione dei compiti e ruoli associativi.<\/p>\n<p>Nell&#8217;adempimento delle proprie attivit\u00e0 e funzioni, nonch\u00e9 in occasione di comunicazioni da parte del Socio, l\u2019Associazione non verr\u00e0 mai in possesso di dati che la Legge definisce \u201ccategorie particolari di dati\u201d, cio\u00e8 quei dati dai quali pu\u00f2 desumersi, fra l&#8217;altro, lo stato di salute e il cui trattamento \u00e8 subordinato a una specifica manifestazione di consenso da parte del Socio.<\/p>\n<p>&nbsp;<\/p>\n<ol start=\"3\">\n<li><strong> Finalit\u00e0 del trattamento <\/strong><\/li>\n<\/ol>\n<p>I dati raccolti saranno trattati per le seguenti finalit\u00e0:<\/p>\n<ol>\n<li>adesione all\u2019Associazione effettuata dal Socio;<\/li>\n<li>finalit\u00e0 connesse al necessario espletamento di attivit\u00e0 amministrative, contabili, fiscali, al funzionamento istituzionale dell\u2019Associazione e al rinnovo degli Organi collegiali;<\/li>\n<li>invio di comunicazioni e di materiale informativo, effettuato sia con modalit\u00e0 di contatto tradizionali (posta cartacea, chiamate tramite operatore), sia automatizzate (posta elettronica, sms, mms, chiamate automatizzate).<\/li>\n<\/ol>\n<p>Il conferimento dei Dati del Socio non \u00e8 obbligatorio, ma l\u2019eventuale rifiuto dell\u2019interessato di fornire i propri dati ordinari comporter\u00e0 l&#8217;oggettiva impossibilit\u00e0 per l\u2019Associazione di erogare le prestazioni correlate all\u2019adesione all\u2019Associazione e\/o di poter adempiere agli obblighi di legge inerenti il funzionamento dell\u2019Associazione.<\/p>\n<p>Al contrario, resta inteso che il rifiuto dell\u2019interessato di prestare il consenso al trattamento per le finalit\u00e0 di cui <em>sub <\/em>c) non consentir\u00e0 all\u2019Associazione di perseguire le sole finalit\u00e0 ivi indicate, ma non avr\u00e0 effetti sull\u2019erogazione delle prestazioni correlate all\u2019adesione all\u2019Associazione.<\/p>\n<p>&nbsp;<\/p>\n<ol start=\"4\">\n<li><strong> Modalit\u00e0 di trattamento <\/strong><\/li>\n<\/ol>\n<p>Il trattamento dei dati personali avviene mediante strumenti manuali, informatici e telematici con logiche strettamente correlate alle finalit\u00e0 e, comunque, in modo da garantire la sicurezza e la riservatezza dei dati stessi in conformit\u00e0 alle norme vigenti.<\/p>\n<p>In caso di trattamento effettuato con modalit\u00e0 di elaborazione elettronica e non e sistemi di gestione e storage anche con hardware e software all\u2019avanguardia, l\u2019Associazione potr\u00e0 utilizzare societ\u00e0 di servizi terze che saranno rese edotte delle proprie responsabilit\u00e0 con comunicazione di nomina a Responsabile del trattamento ai sensi dell\u2019art. 28 del GDPR.<\/p>\n<p>&nbsp;<\/p>\n<ol start=\"5\">\n<li><strong> Periodo di conservazione dei dati <\/strong><\/li>\n<\/ol>\n<p>Il Titolare tratter\u00e0 i dati per il tempo necessario per adempiere alle finalit\u00e0 di cui sopra e, conseguentemente, in caso di cessazione del rapporto associativo i dati verranno distrutti o resi anonimi, fatti salvi gli eventuali termini di conservazione previsti dalla legge e le necessit\u00e0 correlate al funzionamento istituzionale e organizzativo dell\u2019Associazione.<\/p>\n<p>&nbsp;<\/p>\n<ol start=\"6\">\n<li><strong> Categorie di soggetti cui possono essere comunicati i dati <\/strong><\/li>\n<\/ol>\n<p>In taluni casi l&#8217;esecuzione del complesso delle attivit\u00e0 connesse e\/o strumentali alla gestione dell\u2019Associazione comporta la comunicazione di dati personali del Socio, in particolare qualora assuma cariche associative &#8211; oltre ai soggetti le cui facolt\u00e0 di accedervi siano riconosciute da disposizioni di legge &#8211; a societ\u00e0 o enti esterni operanti nell\u2019ambito di attivit\u00e0 culturali, ricreative e dei servizi alla persona.<\/p>\n<p>I soggetti appartenenti alle categorie alle quali i dati possono essere comunicati effettueranno il trattamento dei dati medesimi e li utilizzeranno, a seconda dei casi, in qualit\u00e0 di Responsabili del trattamento espressamente nominati da parte del Titolare ai sensi della legge, o piuttosto in qualit\u00e0 di autonomi Titolari.<\/p>\n<p>L\u2019Associazione designa &#8220;soggetti autorizzati&#8221; al trattamento tutti gli addetti <em>pro tempore <\/em>e i collaboratori, anche occasionali, che svolgono mansioni che comportano il trattamento di dati personali.<\/p>\n<p>&nbsp;<\/p>\n<ol start=\"7\">\n<li><strong> Trasferimento di dati personali <\/strong><\/li>\n<\/ol>\n<p>I dati personali risiedono in Italia e non saranno mai trasferiti dall\u2019Associazione in Paesi UE o extra \u2013 UE.<\/p>\n<p>&nbsp;<\/p>\n<ol start=\"8\">\n<li><strong> Diritti degli interessati <\/strong><\/li>\n<\/ol>\n<p>Nella Sua qualit\u00e0 di interessato, il Socio ha il diritto di:<\/p>\n<ol>\n<li>chiedere al Titolare l\u2019accesso ai Dati, la loro cancellazione, la rettifica dei Dati inesatti, l\u2019integrazione dei Dati incompleti, nonch\u00e9 la limitazione del trattamento nei casi previsti dall\u2019art. 18 del GDPR;<\/li>\n<li>opporsi, in qualsiasi momento, in tutto od in parte, al trattamento dei Dati necessario per il perseguimento legittimo dell&#8217;interesse del Titolare;<\/li>\n<li>nel caso in cui siano presenti le condizioni per l\u2019esercizio del diritto alla portabilit\u00e0 di cui all\u2019art. 20 del GDPR, ricevere in un formato strutturato, di uso comune e leggibile da dispositivo automatico i Dati forniti al Titolare, nonch\u00e9, se tecnicamente fattibile, trasmetterli ad altro Titolare senza impedimenti;<\/li>\n<li>revocare il consenso prestato in qualsiasi momento;<\/li>\n<li>proporre reclamo all&#8217;Autorit\u00e0 di controllo competente.<\/li>\n<\/ol>\n<p>Si fa presente che il diritto di opposizione dell\u2019interessato per le finalit\u00e0 di cui all\u2019art. 3 lett. c) della presente informativa mediante modalit\u00e0 automatizzate, si estende a quelle tradizionali e che comunque resta salva la possibilit\u00e0 per l\u2019interessato di esercitare il diritto di opposizione anche solo in parte. Pertanto, l\u2019interessato pu\u00f2 decidere di ricevere solo comunicazioni mediante modalit\u00e0 tradizionali ovvero solo comunicazioni automatizzate oppure nessuna delle due tipologie di comunicazione.<\/p>\n<p>&nbsp;<\/p>\n<ol start=\"9\">\n<li><strong> Modalit\u00e0 di esercizio dei diritti <\/strong><\/li>\n<\/ol>\n<p>Il Socio potr\u00e0 in qualsiasi momento esercitare i diritti a lui attribuiti inviando una raccomandata a.r. ad Associazione Amici della Musica Foligno Onlus \u2013 Largo Federico Frezzi n. 4 06034 Foligno (PG), alla cortese attenzione del Presidente <em>pro tempore<\/em>, ovvero un\u2019e-mail all\u2019indirizzo: info@amicimusicafoligno.it<strong>. <\/strong><\/p>\n<p>&nbsp;<\/p>\n<ol start=\"10\">\n<li><strong> Titolare e Responsabili del trattamento <\/strong><\/li>\n<\/ol>\n<p>Il Titolare del trattamento \u00e8 l\u2019Associazione Amici della Musica Foligno Onlus, con sede legale in Foligno (PG) Largo Federico Frezzi n. 4, nella persona del Presidente <em>pro tempore. <\/em><\/p>\n<p>L\u2019elenco aggiornato e i nominativi dei Responsabili del trattamento sono custoditi presso la sede legale del Titolare.<\/p>\n<p>&nbsp;<\/p>\n<ol start=\"11\">\n<li><strong> Modifiche all&#8217;Informativa sulla Privacy <\/strong><\/li>\n<\/ol>\n<p>La presente Informativa sulla privacy, in futuro, potrebbe richiedere aggiornamenti in funzione, ad esempio, dell&#8217;implementazione di nuove tecnologie e\/o dell&#8217;introduzione di nuovi servizi. L\u2019Associazione si riserva il diritto di modificare e\/o integrare la presente Informativa in qualsiasi momento e si impegna a pubblicare le modifiche sul sito www.alintesasanpaolo.com e\/o a informare i Soci con le modalit\u00e0 valutate pi\u00f9 opportune<\/p>\n","protected":false},"excerpt":{"rendered":"<p>INFORMATIVA RELATIVA AL TRATTAMENTO DEI DATI PERSONALI &nbsp; Premessa Il Regolamento UE 2016\/679 sulla \u201cprotezione delle persone fisiche con riguardo al trattamento dei dati personali, nonch\u00e9 alla libera circolazione di tali dati\u201d (di seguito \u201cReg. UE 2016\/679\u201d o \u201cGDPR\u201d) contiene una serie di norme dirette a garantire che il trattamento dei dati personali si svolga [&hellip;]<\/p>\n","protected":false},"author":1,"featured_media":0,"parent":0,"menu_order":0,"comment_status":"closed","ping_status":"closed","template":"","meta":{"_acf_changed":false,"episode_type":"","audio_file":"","podmotor_file_id":"","podmotor_episode_id":"","cover_image":"","cover_image_id":"","duration":"","filesize":"","filesize_raw":"","date_recorded":"","explicit":"","block":"","itunes_episode_number":"","itunes_title":"","itunes_season_number":"","itunes_episode_type":"","footnotes":""},"class_list":["post-1769","page","type-page","status-publish","hentry"],"acf":[],"yoast_head":"<!-- This site is optimized with the Yoast SEO plugin v27.3 - https:\/\/yoast.com\/product\/yoast-seo-wordpress\/ -->\n<title>Privacy Policy - Amici della Musica Foligno ETS<\/title>\n<meta name=\"robots\" content=\"index, follow, max-snippet:-1, max-image-preview:large, max-video-preview:-1\" \/>\n<link rel=\"canonical\" href=\"https:\/\/amicimusicafoligno.it\/home\/privacy-policy\/\" \/>\n<meta property=\"og:locale\" content=\"it_IT\" \/>\n<meta property=\"og:type\" content=\"article\" \/>\n<meta property=\"og:title\" content=\"Privacy Policy - Amici della Musica Foligno ETS\" \/>\n<meta property=\"og:description\" content=\"INFORMATIVA RELATIVA AL TRATTAMENTO DEI DATI PERSONALI &nbsp; Premessa Il Regolamento UE 2016\/679 sulla \u201cprotezione delle persone fisiche con riguardo al trattamento dei dati personali, nonch\u00e9 alla libera circolazione di tali dati\u201d (di seguito \u201cReg. UE 2016\/679\u201d o \u201cGDPR\u201d) contiene una serie di norme dirette a garantire che il trattamento dei dati personali si svolga [&hellip;]\" \/>\n<meta property=\"og:url\" content=\"https:\/\/amicimusicafoligno.it\/home\/privacy-policy\/\" \/>\n<meta property=\"og:site_name\" content=\"Amici della Musica Foligno ETS\" \/>\n<meta property=\"article:publisher\" content=\"https:\/\/www.facebook.com\/AmiciMusicaFoligno\/\" \/>\n<meta property=\"article:modified_time\" content=\"2018-05-29T11:21:12+00:00\" \/>\n<meta name=\"twitter:card\" content=\"summary_large_image\" \/>\n<meta name=\"twitter:label1\" content=\"Tempo di lettura stimato\" \/>\n\t<meta name=\"twitter:data1\" content=\"5 minuti\" \/>\n<script type=\"application\/ld+json\" class=\"yoast-schema-graph\">{\"@context\":\"https:\\\/\\\/schema.org\",\"@graph\":[{\"@type\":\"WebPage\",\"@id\":\"https:\\\/\\\/amicimusicafoligno.it\\\/home\\\/privacy-policy\\\/\",\"url\":\"https:\\\/\\\/amicimusicafoligno.it\\\/home\\\/privacy-policy\\\/\",\"name\":\"Privacy Policy - Amici della Musica Foligno ETS\",\"isPartOf\":{\"@id\":\"https:\\\/\\\/amicimusicafoligno.it\\\/home\\\/#website\"},\"datePublished\":\"2018-05-28T13:24:20+00:00\",\"dateModified\":\"2018-05-29T11:21:12+00:00\",\"breadcrumb\":{\"@id\":\"https:\\\/\\\/amicimusicafoligno.it\\\/home\\\/privacy-policy\\\/#breadcrumb\"},\"inLanguage\":\"it-IT\",\"potentialAction\":[{\"@type\":\"ReadAction\",\"target\":[\"https:\\\/\\\/amicimusicafoligno.it\\\/home\\\/privacy-policy\\\/\"]}]},{\"@type\":\"BreadcrumbList\",\"@id\":\"https:\\\/\\\/amicimusicafoligno.it\\\/home\\\/privacy-policy\\\/#breadcrumb\",\"itemListElement\":[{\"@type\":\"ListItem\",\"position\":1,\"name\":\"Home\",\"item\":\"https:\\\/\\\/amicimusicafoligno.it\\\/home\\\/\"},{\"@type\":\"ListItem\",\"position\":2,\"name\":\"Privacy Policy\"}]},{\"@type\":\"WebSite\",\"@id\":\"https:\\\/\\\/amicimusicafoligno.it\\\/home\\\/#website\",\"url\":\"https:\\\/\\\/amicimusicafoligno.it\\\/home\\\/\",\"name\":\"Amici della Musica Foligno ONLUS\",\"description\":\"crediamo nella forza della musica\",\"publisher\":{\"@id\":\"https:\\\/\\\/amicimusicafoligno.it\\\/home\\\/#organization\"},\"potentialAction\":[{\"@type\":\"SearchAction\",\"target\":{\"@type\":\"EntryPoint\",\"urlTemplate\":\"https:\\\/\\\/amicimusicafoligno.it\\\/home\\\/?s={search_term_string}\"},\"query-input\":{\"@type\":\"PropertyValueSpecification\",\"valueRequired\":true,\"valueName\":\"search_term_string\"}}],\"inLanguage\":\"it-IT\"},{\"@type\":\"Organization\",\"@id\":\"https:\\\/\\\/amicimusicafoligno.it\\\/home\\\/#organization\",\"name\":\"Amici della Musica Foligno ONLUS\",\"url\":\"https:\\\/\\\/amicimusicafoligno.it\\\/home\\\/\",\"logo\":{\"@type\":\"ImageObject\",\"inLanguage\":\"it-IT\",\"@id\":\"https:\\\/\\\/amicimusicafoligno.it\\\/home\\\/#\\\/schema\\\/logo\\\/image\\\/\",\"url\":\"https:\\\/\\\/amicimusicafoligno.it\\\/home\\\/wp-content\\\/uploads\\\/2017\\\/12\\\/logo-adm.png\",\"contentUrl\":\"https:\\\/\\\/amicimusicafoligno.it\\\/home\\\/wp-content\\\/uploads\\\/2017\\\/12\\\/logo-adm.png\",\"width\":290,\"height\":111,\"caption\":\"Amici della Musica Foligno ONLUS\"},\"image\":{\"@id\":\"https:\\\/\\\/amicimusicafoligno.it\\\/home\\\/#\\\/schema\\\/logo\\\/image\\\/\"},\"sameAs\":[\"https:\\\/\\\/www.facebook.com\\\/AmiciMusicaFoligno\\\/\",\"https:\\\/\\\/www.instagram.com\\\/amicimusicafoligno\\\/\"]}]}<\/script>\n<!-- \/ Yoast SEO plugin. -->","yoast_head_json":{"title":"Privacy Policy - Amici della Musica Foligno ETS","robots":{"index":"index","follow":"follow","max-snippet":"max-snippet:-1","max-image-preview":"max-image-preview:large","max-video-preview":"max-video-preview:-1"},"canonical":"https:\/\/amicimusicafoligno.it\/home\/privacy-policy\/","og_locale":"it_IT","og_type":"article","og_title":"Privacy Policy - Amici della Musica Foligno ETS","og_description":"INFORMATIVA RELATIVA AL TRATTAMENTO DEI DATI PERSONALI &nbsp; Premessa Il Regolamento UE 2016\/679 sulla \u201cprotezione delle persone fisiche con riguardo al trattamento dei dati personali, nonch\u00e9 alla libera circolazione di tali dati\u201d (di seguito \u201cReg. UE 2016\/679\u201d o \u201cGDPR\u201d) contiene una serie di norme dirette a garantire che il trattamento dei dati personali si svolga [&hellip;]","og_url":"https:\/\/amicimusicafoligno.it\/home\/privacy-policy\/","og_site_name":"Amici della Musica Foligno ETS","article_publisher":"https:\/\/www.facebook.com\/AmiciMusicaFoligno\/","article_modified_time":"2018-05-29T11:21:12+00:00","twitter_card":"summary_large_image","twitter_misc":{"Tempo di lettura stimato":"5 minuti"},"schema":{"@context":"https:\/\/schema.org","@graph":[{"@type":"WebPage","@id":"https:\/\/amicimusicafoligno.it\/home\/privacy-policy\/","url":"https:\/\/amicimusicafoligno.it\/home\/privacy-policy\/","name":"Privacy Policy - Amici della Musica Foligno ETS","isPartOf":{"@id":"https:\/\/amicimusicafoligno.it\/home\/#website"},"datePublished":"2018-05-28T13:24:20+00:00","dateModified":"2018-05-29T11:21:12+00:00","breadcrumb":{"@id":"https:\/\/amicimusicafoligno.it\/home\/privacy-policy\/#breadcrumb"},"inLanguage":"it-IT","potentialAction":[{"@type":"ReadAction","target":["https:\/\/amicimusicafoligno.it\/home\/privacy-policy\/"]}]},{"@type":"BreadcrumbList","@id":"https:\/\/amicimusicafoligno.it\/home\/privacy-policy\/#breadcrumb","itemListElement":[{"@type":"ListItem","position":1,"name":"Home","item":"https:\/\/amicimusicafoligno.it\/home\/"},{"@type":"ListItem","position":2,"name":"Privacy Policy"}]},{"@type":"WebSite","@id":"https:\/\/amicimusicafoligno.it\/home\/#website","url":"https:\/\/amicimusicafoligno.it\/home\/","name":"Amici della Musica Foligno ONLUS","description":"crediamo nella forza della musica","publisher":{"@id":"https:\/\/amicimusicafoligno.it\/home\/#organization"},"potentialAction":[{"@type":"SearchAction","target":{"@type":"EntryPoint","urlTemplate":"https:\/\/amicimusicafoligno.it\/home\/?s={search_term_string}"},"query-input":{"@type":"PropertyValueSpecification","valueRequired":true,"valueName":"search_term_string"}}],"inLanguage":"it-IT"},{"@type":"Organization","@id":"https:\/\/amicimusicafoligno.it\/home\/#organization","name":"Amici della Musica Foligno ONLUS","url":"https:\/\/amicimusicafoligno.it\/home\/","logo":{"@type":"ImageObject","inLanguage":"it-IT","@id":"https:\/\/amicimusicafoligno.it\/home\/#\/schema\/logo\/image\/","url":"https:\/\/amicimusicafoligno.it\/home\/wp-content\/uploads\/2017\/12\/logo-adm.png","contentUrl":"https:\/\/amicimusicafoligno.it\/home\/wp-content\/uploads\/2017\/12\/logo-adm.png","width":290,"height":111,"caption":"Amici della Musica Foligno ONLUS"},"image":{"@id":"https:\/\/amicimusicafoligno.it\/home\/#\/schema\/logo\/image\/"},"sameAs":["https:\/\/www.facebook.com\/AmiciMusicaFoligno\/","https:\/\/www.instagram.com\/amicimusicafoligno\/"]}]}},"_links":{"self":[{"href":"https:\/\/amicimusicafoligno.it\/home\/wp-json\/wp\/v2\/pages\/1769","targetHints":{"allow":["GET"]}}],"collection":[{"href":"https:\/\/amicimusicafoligno.it\/home\/wp-json\/wp\/v2\/pages"}],"about":[{"href":"https:\/\/amicimusicafoligno.it\/home\/wp-json\/wp\/v2\/types\/page"}],"author":[{"embeddable":true,"href":"https:\/\/amicimusicafoligno.it\/home\/wp-json\/wp\/v2\/users\/1"}],"replies":[{"embeddable":true,"href":"https:\/\/amicimusicafoligno.it\/home\/wp-json\/wp\/v2\/comments?post=1769"}],"version-history":[{"count":4,"href":"https:\/\/amicimusicafoligno.it\/home\/wp-json\/wp\/v2\/pages\/1769\/revisions"}],"predecessor-version":[{"id":1824,"href":"https:\/\/amicimusicafoligno.it\/home\/wp-json\/wp\/v2\/pages\/1769\/revisions\/1824"}],"wp:attachment":[{"href":"https:\/\/amicimusicafoligno.it\/home\/wp-json\/wp\/v2\/media?parent=1769"}],"curies":[{"name":"wp","href":"https:\/\/api.w.org\/{rel}","templated":true}]}}